{"id":418,"date":"2013-05-06T12:45:18","date_gmt":"2013-05-06T16:45:18","guid":{"rendered":"http:\/\/michaudimmobilier.b.aliquando.immo\/?page_id=418"},"modified":"2018-11-06T16:51:46","modified_gmt":"2018-11-06T21:51:46","slug":"liens-utiles","status":"publish","type":"page","link":"https:\/\/michaudimmobilier.com\/en\/liens-utiles\/","title":{"rendered":"Useful Links"},"content":{"rendered":"<p><\/p>\n<table style=\"width: 1226px\">\n<tbody>\n<tr>\n<td style=\"width: 578px\">\n<ul>\n<li><a href=\"http:\/\/www.cigm.qc.ca\/\">Chambre Immobili\u00e8re du Grand Montr\u00e9al (CIGM)<\/a><\/li>\n<li><a href=\"http:\/\/www.oaciq.com\">Organisme d&#8217;autor\u00e9glementation du courtage immobilier du Qu\u00e9bec<\/a><\/li>\n<li><a href=\"http:\/\/www.fciq.ca\">F\u00e9d\u00e9ration des chambres immobili\u00e8res du Qu\u00e9bec (FCIQ)<\/a><\/li>\n<li><a href=\"http:\/\/www.crea.ca\/fr\">Association canadienne de l&#8217;immeuble (ACI)<\/a><\/li>\n<li><a href=\"http:\/\/www.realtor.ca\">Realtor.ca<\/a><\/li>\n<\/ul>\n<ul>\n<li><a href=\"http:\/\/www.inspectionpreachat.org\">Inspection pr\u00e9achat<\/a><\/li>\n<li><a href=\"http:\/\/www.oaq.com\/\">Ordre des architectes du Qu\u00e9bec (OAQ)<\/a><\/li>\n<li><a href=\"http:\/\/www.oiq.qc.ca\/fr\/Pages\/accueil.aspx\">Ordre des ing\u00e9nieurs du Qu\u00e9bec (OIQ)<\/a><\/li>\n<li><a href=\"https:\/\/www.rbq.gouv.qc.ca\/\">R\u00e9gie du b\u00e2timent du Qu\u00e9bec<\/a><\/li>\n<\/ul>\n<ul>\n<li><a href=\"http:\/\/www.impot.net\/fr\/immobilier\/mutation\/\">Calcul de la taxe de mutation au Qu\u00e9bec<\/a><\/li>\n<li><a href=\"http:\/\/ville.montreal.qc.ca\/portal\/page?_dad=portal&amp;_pageid=43,60524&amp;_schema=PORTAL#calcul\">Droits sur les mutations immobili\u00e8res \u00e0 Montr\u00e9al<\/a><\/li>\n<li><a href=\"https:\/\/foncier.mern.gouv.qc.ca\/conversion\/\">Conversion des unit\u00e9s de mesure de longueur et superficie<\/a><\/li>\n<\/ul>\n<\/td>\n<td style=\"width: 632px\">\n<ul>\n<li><a href=\"http:\/\/www.barreau.qc.ca\/\">Barreau du Qu\u00e9bec<\/a><\/li>\n<li><a href=\"http:\/\/www.cnq.org\/fr\/trouver-un-notaire.html\">Chambre des notaires du Qu\u00e9bec<\/a><\/li>\n<li><a href=\"http:\/\/www.oagq.qc.ca\/\">Ordre des arpenteurs-g\u00e9om\u00e8tres du Qu\u00e9bec (OAGQ)<\/a><\/li>\n<\/ul>\n<p>&nbsp;<\/p>\n<ul>\n<li><a href=\"http:\/\/www.registreentreprises.gouv.qc.ca\/fr\/default.aspx\">Registre des entreprises du Qu\u00e9bec<\/a><\/li>\n<li><a href=\"https:\/\/www.ic.gc.ca\/app\/scr\/cc\/CorporationsCanada\/fdrlCrpSrch.html?locale=fr_CA\">Registre des soci\u00e9t\u00e9s f\u00e9d\u00e9rales du Qu\u00e9bec<\/a><\/li>\n<\/ul>\n<p>&nbsp;<\/p>\n<ul>\n<li><a href=\"https:\/\/www.rdl.gouv.qc.ca\/\">R\u00e9gie du logement du Qu\u00e9bec<\/a><\/li>\n<li><a href=\"http:\/\/www.corpiq.com\/\">Corporation des propri\u00e9taires immobiliers du Qu\u00e9bec (CORPIQ)<\/a><\/li>\n<li><a href=\"https:\/\/fr.rgcq.org\/\">Regroupement des gestionnaires et copropri\u00e9taires du Qu\u00e9bec<\/a><\/li>\n<\/ul>\n<\/td>\n<\/tr>\n<\/tbody>\n<\/table>\n<p>&nbsp;<\/p>","protected":false},"excerpt":{"rendered":"<p>Chambre Immobili\u00e8re du Grand Montr\u00e9al (CIGM) Organisme d&#8217;autor\u00e9glementation du courtage immobilier du Qu\u00e9bec F\u00e9d\u00e9ration des chambres immobili\u00e8res du Qu\u00e9bec (FCIQ) Association canadienne de l&#8217;immeuble (ACI) Realtor.ca Inspection pr\u00e9achat Ordre des architectes du Qu\u00e9bec (OAQ) Ordre des ing\u00e9nieurs du Qu\u00e9bec (OIQ) R\u00e9gie du b\u00e2timent du Qu\u00e9bec Calcul de la taxe de mutation au Qu\u00e9bec Droits sur [&hellip;]<\/p>\n","protected":false},"author":121,"featured_media":0,"parent":0,"menu_order":20,"comment_status":"open","ping_status":"closed","template":"page-fullwidth.php","meta":{"_acf_changed":false,"footnotes":""},"class_list":["post-418","page","type-page","status-publish","hentry"],"acf":[],"_links":{"self":[{"href":"https:\/\/michaudimmobilier.com\/en\/wp-json\/wp\/v2\/pages\/418","targetHints":{"allow":["GET"]}}],"collection":[{"href":"https:\/\/michaudimmobilier.com\/en\/wp-json\/wp\/v2\/pages"}],"about":[{"href":"https:\/\/michaudimmobilier.com\/en\/wp-json\/wp\/v2\/types\/page"}],"author":[{"embeddable":true,"href":"https:\/\/michaudimmobilier.com\/en\/wp-json\/wp\/v2\/users\/121"}],"replies":[{"embeddable":true,"href":"https:\/\/michaudimmobilier.com\/en\/wp-json\/wp\/v2\/comments?post=418"}],"version-history":[{"count":3,"href":"https:\/\/michaudimmobilier.com\/en\/wp-json\/wp\/v2\/pages\/418\/revisions"}],"predecessor-version":[{"id":1131,"href":"https:\/\/michaudimmobilier.com\/en\/wp-json\/wp\/v2\/pages\/418\/revisions\/1131"}],"wp:attachment":[{"href":"https:\/\/michaudimmobilier.com\/en\/wp-json\/wp\/v2\/media?parent=418"}],"curies":[{"name":"wp","href":"https:\/\/api.w.org\/{rel}","templated":true}]}}